{"id":7434,"date":"2026-05-01T02:00:12","date_gmt":"2026-05-01T00:00:12","guid":{"rendered":"https:\/\/soundsystems.proel.com\/prodotto\/db1a-d-i-box-attiva-a-singolo-canale-con-trasformatore-di-isolamento\/"},"modified":"2026-05-01T02:00:13","modified_gmt":"2026-05-01T00:00:13","slug":"db1a-d-i-box-attiva-a-singolo-canale-con-trasformatore-di-isolamento","status":"publish","type":"product","link":"https:\/\/soundsystems.proel.com\/it\/prodotto\/db1a-d-i-box-attiva-a-singolo-canale-con-trasformatore-di-isolamento\/","title":{"rendered":"D.I. BOX attiva a singolo canale con trasformatore di isolamento"},"content":{"rendered":"<table border=\"0\" cellpadding=\"0\" cellspacing=\"0\" style=\"width:446px;\" width=\"447\">\n<colgroup>\n<col \/>\n<col \/>\t<\/colgroup>\n<tbody>\n<tr height=\"20\">\n<td height=\"20\" style=\"height:20px;width:200px;\"><strong>Input Section<\/strong><\/td>\n<td style=\"width:246px;\">\u00a0<\/td>\n<\/tr>\n<tr height=\"20\">\n<td height=\"20\" style=\"height:20px;width:200px;\">Input Impedance<\/td>\n<td style=\"width:246px;\">1M Ohm (pad at 0 dB)<\/td>\n<\/tr>\n<tr height=\"20\">\n<td height=\"20\" style=\"height:20px;width:200px;\">\u00a0<\/td>\n<td style=\"width:246px;\">47k Ohm (pad at -20 dB)<\/td>\n<\/tr>\n<tr height=\"20\">\n<td height=\"20\" style=\"height:20px;width:200px;\">\u00a0<\/td>\n<td style=\"width:246px;\">44k Ohm (pad at -30 dB)<\/td>\n<\/tr>\n<tr height=\"20\">\n<td height=\"20\" style=\"height:20px;width:200px;\">Max Input Level<\/td>\n<td style=\"width:246px;\">\u00a0+5 dBu (pad at 0 dB)<\/td>\n<\/tr>\n<tr height=\"20\">\n<td height=\"20\" style=\"height:20px;width:200px;\">\u00a0<\/td>\n<td style=\"width:246px;\">\u00a0+25 dBu (pad at -20 dB)<\/td>\n<\/tr>\n<tr height=\"20\">\n<td height=\"20\" style=\"height:20px;width:200px;\">\u00a0<\/td>\n<td style=\"width:246px;\">\u00a0+35 dBu (pad at -30 dB)<\/td>\n<\/tr>\n<tr height=\"20\">\n<td height=\"20\" style=\"height:20px;width:200px;\">Connectors\u00a0<\/td>\n<td style=\"width:246px;\">2 x 1\/4&#8243; jack + 1 x XLR-F (unbalanced)<\/td>\n<\/tr>\n<tr height=\"20\">\n<td height=\"20\" style=\"height:20px;width:200px;\"><strong>Output Section<\/strong><\/td>\n<td style=\"width:246px;\">\u00a0<\/td>\n<\/tr>\n<tr height=\"20\">\n<td height=\"20\" style=\"height:20px;width:200px;\">Output\u00a0<\/td>\n<td style=\"width:246px;\">Transformer Balanced\u00a0(fully isolated)<\/td>\n<\/tr>\n<tr height=\"20\">\n<td height=\"20\" style=\"height:20px;width:200px;\">Max. Output Level\u00a0<\/td>\n<td style=\"width:246px;\">into 600 Ohms or greater<\/td>\n<\/tr>\n<tr height=\"20\">\n<td height=\"20\" style=\"height:20px;width:200px;\">\u00a0<\/td>\n<td style=\"width:246px;\">+3 dBu (for 0.1% THD at 50 Hz)<\/td>\n<\/tr>\n<tr height=\"20\">\n<td height=\"20\" style=\"height:20px;width:200px;\">\u00a0<\/td>\n<td style=\"width:246px;\">+5 dBu (for 0.1% THD at 1k Hz)<\/td>\n<\/tr>\n<tr height=\"20\">\n<td height=\"20\" style=\"height:20px;width:200px;\">Connector\u00a0<\/td>\n<td style=\"width:246px;\">XLR-M<\/td>\n<\/tr>\n<tr height=\"20\">\n<td height=\"20\" style=\"height:20px;width:200px;\"><strong>System Performance\u00a0<\/strong><\/td>\n<td style=\"width:246px;\">\u00a0<\/td>\n<\/tr>\n<tr height=\"20\">\n<td height=\"20\" style=\"height:20px;width:200px;\">Insertion loss<\/td>\n<td style=\"width:246px;\">< 1 dB<\/td>\n<\/tr>\n<tr height=\"20\">\n<td height=\"20\" style=\"height:20px;width:200px;\">CMR<\/td>\n<td style=\"width:246px;\">> 60 dB<\/td>\n<\/tr>\n<tr height=\"20\">\n<td height=\"20\" style=\"height:20px;width:200px;\">Phase distortion<\/td>\n<td style=\"width:246px;\">+11\u00b0 at 20 Hz, -6\u00b0 at 20k Hz<\/td>\n<\/tr>\n<tr height=\"20\">\n<td height=\"20\" style=\"height:20px;width:200px;\">Distortion\u00a0(THD 20-20k Hz 0dBu)<\/td>\n<td style=\"width:246px;\">< 0.007 %<\/td>\n<\/tr>\n<tr height=\"20\">\n<td height=\"20\" style=\"height:20px;width:200px;\">Noise\u00a0<\/td>\n<td style=\"width:246px;\">< -105 dBu unweighted\u00a0<\/td>\n<\/tr>\n<tr height=\"20\">\n<td height=\"20\" style=\"height:20px;width:200px;\">Frequency Response\u00a0<\/td>\n<td style=\"width:246px;\">10 Hz to 100 kHz, +0dB\/-1 dB\u00a0<\/td>\n<\/tr>\n<tr height=\"20\">\n<td height=\"20\" style=\"height:20px;width:200px;\"><strong>General\u00a0<\/strong><\/td>\n<td style=\"width:246px;\">\u00a0<\/td>\n<\/tr>\n<tr height=\"20\">\n<td height=\"20\" style=\"height:20px;width:200px;\">Controls<\/td>\n<td style=\"width:246px;\">On\/off, Pad -10, Pad -20,\u00a0Gnd Lift, \u00d8 inv.<\/td>\n<\/tr>\n<tr height=\"20\">\n<td height=\"20\" style=\"height:20px;width:200px;\">Indicators<\/td>\n<td style=\"width:246px;\">On, signal, clip<\/td>\n<\/tr>\n<tr height=\"20\">\n<td height=\"20\" style=\"height:20px;width:200px;\">Phantom Power\u00a0<\/td>\n<td style=\"width:246px;\">+24 volts DC to +48 volts DC\u00a0<\/td>\n<\/tr>\n<tr height=\"20\">\n<td height=\"20\" style=\"height:20px;width:200px;\">AC\/DC adaptor<\/td>\n<td style=\"width:246px;\">+12 volts DC<\/td>\n<\/tr>\n<tr height=\"20\">\n<td height=\"20\" style=\"height:20px;width:200px;\">Standalone\/Standby\u00a0<\/td>\n<td style=\"width:246px;\">9 volt PP3 type battery<\/td>\n<\/tr>\n<tr height=\"20\">\n<td height=\"20\" style=\"height:20px;width:200px;\">Current consumption\u00a0<\/td>\n<td style=\"width:246px;\">less than 3 mA\u00a0<\/td>\n<\/tr>\n<tr height=\"20\">\n<td height=\"20\" style=\"height:20px;width:200px;\">Dimensions (WxHxD)\u00a0<\/td>\n<td style=\"width:246px;\">215 x 50 x 125 mm<\/td>\n<\/tr>\n<tr height=\"20\">\n<td height=\"20\" style=\"height:20px;width:200px;\">Weight<\/td>\n<td style=\"width:246px;\">1.08 kg (2.38 lb)<\/td>\n<\/tr>\n<\/tbody>\n<\/table>\n","protected":false},"excerpt":{"rendered":"<p>Le D.I. Box (Direct Injection Box) sono strumenti indispensabili per i tecnici del suono in situazioni complesse, quali i concerti live, e in tutte le applicazioni che prevedono il collegamento di apparecchiature audio con diff erenti tipologie di livello, impedenza e connessione. Essendo in grado di trasformare i segnali audio da sbilanciati a bilanciati e renderli insensibili ai disturbi elettrici, sono utilizzate specialmente per linee lunghe, come il trasporto del segnale di uno strumento musicale fino a un mixer distante anche decine di metri. Fanno parte della serie DB un modello di D.I. Box attiva ad un canale (DB1A), una D.I. Box passiva ad un canale (DB1P) ed un modello di D.I. Box attiva a due canali (DB2A). La circuitazione di ciascuno dei tre modelli \u00e8 stata curata nei minimi particolari, utilizzando componenti elettronici, come i trasformatori d\u2019isolamento (nei modelli DB1A e DB1P) ed i circuiti integrati a bassa distorsione, rigorosamente selezionati. Questo per garantire una trasmissione del segnale dallo strumento al mixer fedele, \u201cpulita\u201d e senza problemi di livello, impedenza o rumore. Sui pannelli frontali \u00e8 presente un\u2019ampia scelta di connettori d\u2019ingresso (XLR, JACK e RCA, a seconda del modello), che consentono la connessione di una vasta gamma di sorgenti, tra cui tastiere e campionatori, chitarre, bassi e relativi amplificatori, schede audio di computer e riproduttori musicali di ogni genere. Le versioni ATTIVE possono essere alimentate a scelta tramite l\u2019alimentazione PHANTOM del mixer, con batteria da 9V oppure, nel caso di setup con un numero elevato di DI BOX, utilizzando un alimentatore esterno collegabile in cascata a pi\u00f9 unit\u00e0, grazie al doppio connettore di alimentazione. L\u2019innovativo design dei tre modelli include un guscio in alluminio con angolari in gomma, per garantire la massima resistenza negli utilizzi pi\u00f9 estremi. Rimuovendo gli angolari, si rendono disponibili due guide laterali per accoppiare due unit\u00e0 nonch\u00e9 montarle in rack standard da 19\u201d, grazie a flange metalliche fornite di serie. Si tratta di una funzionalit\u00e0 molto preziosa per quanti abbiano la necessit\u00e0 di utilizzare un elevato numero di DI BOX nella stessa applicazione, evitando problemi di posizionamento, ingombro e cablaggio.<\/p>\n<ul>\n<li>Possibilit\u00e0 di montaggio a RACK<\/li>\n<li>Elevata dinamica e bassa distorsione<\/li>\n<li>Trasformatore di isolamento in MUMETAL<\/li>\n<li>Connessioni JACK e XLR con possibilit\u00e0 di LINK<\/li>\n<li>Tutte le connessioni ed i controlli dallo stesso lato dell\u2019unit\u00e0<\/li>\n<li>Switch di attenuazione-10dB, -20dB, -30dB<\/li>\n<li>Switch di inversione di fase<\/li>\n<li>LED di indicazione SIGNAL e CLIP<\/li>\n<li>Alimentazione con batteria interna 9V, phantom power 48V, alimentatore esterno (opzionale)<\/li>\n<\/ul>\n","protected":false},"featured_media":9072,"template":"","meta":{"_acf_changed":false},"product_brand":[],"product_cat":[243,481,69,70],"product_tag":[27],"class_list":{"0":"post-7434","1":"product","2":"type-product","3":"status-publish","4":"has-post-thumbnail","6":"product_cat-db-series","7":"product_cat-legacy-stage-gear","8":"product_cat-sound-systems","9":"product_cat-stage-gear","10":"product_tag-legacy","12":"first","13":"instock","14":"product-type-simple"},"acf":[],"_links":{"self":[{"href":"https:\/\/soundsystems.proel.com\/it\/wp-json\/wp\/v2\/product\/7434","targetHints":{"allow":["GET"]}}],"collection":[{"href":"https:\/\/soundsystems.proel.com\/it\/wp-json\/wp\/v2\/product"}],"about":[{"href":"https:\/\/soundsystems.proel.com\/it\/wp-json\/wp\/v2\/types\/product"}],"wp:featuredmedia":[{"embeddable":true,"href":"https:\/\/soundsystems.proel.com\/it\/wp-json\/wp\/v2\/media\/9072"}],"wp:attachment":[{"href":"https:\/\/soundsystems.proel.com\/it\/wp-json\/wp\/v2\/media?parent=7434"}],"wp:term":[{"taxonomy":"product_brand","embeddable":true,"href":"https:\/\/soundsystems.proel.com\/it\/wp-json\/wp\/v2\/product_brand?post=7434"},{"taxonomy":"product_cat","embeddable":true,"href":"https:\/\/soundsystems.proel.com\/it\/wp-json\/wp\/v2\/product_cat?post=7434"},{"taxonomy":"product_tag","embeddable":true,"href":"https:\/\/soundsystems.proel.com\/it\/wp-json\/wp\/v2\/product_tag?post=7434"}],"curies":[{"name":"wp","href":"https:\/\/api.w.org\/{rel}","templated":true}]}}