{"id":7437,"date":"2026-05-01T02:00:17","date_gmt":"2026-05-01T00:00:17","guid":{"rendered":"https:\/\/soundsystems.proel.com\/prodotto\/direct100a-direct-injection-box-attiva\/"},"modified":"2026-05-01T02:00:17","modified_gmt":"2026-05-01T00:00:17","slug":"direct100a-direct-injection-box-attiva","status":"publish","type":"product","link":"https:\/\/soundsystems.proel.com\/it\/prodotto\/direct100a-direct-injection-box-attiva\/","title":{"rendered":"Direct Injection Box attiva"},"content":{"rendered":"<table align=\"left\" border=\"0\" cellpadding=\"0\" cellspacing=\"0\" style=\"width: 300px;\">\n<tbody>\n<tr>\n<td>\n<table border=\"0\" cellpadding=\"0\" cellspacing=\"0\" style=\"width:480px;\" width=\"479\">\n<colgroup>\n<col \/>\n<col \/>\t\t\t\t<\/colgroup>\n<tbody>\n<tr height=\"17\">\n<td height=\"17\" style=\"height:17px;\"><strong>Input Section<\/strong><\/td>\n<td>\u00a0<\/td>\n<\/tr>\n<tr height=\"17\">\n<td height=\"17\" style=\"height:17px;\">Input Impedance<\/td>\n<td>>250 Kohm<\/td>\n<\/tr>\n<tr height=\"17\">\n<td height=\"17\" style=\"height:17px;\">Max Input Level<\/td>\n<td>+6 (PAD at 0) \/ +26 (PAD at 20) dBu<\/td>\n<\/tr>\n<tr height=\"17\">\n<td height=\"17\" style=\"height:17px;\">Connectors\u00a0<\/td>\n<td style=\"width:285px;\">1 x XLR-F + 1 x 1\/4&#8243; jack unbalanced<\/td>\n<\/tr>\n<tr height=\"17\">\n<td height=\"17\" style=\"height:17px;\">Link<\/td>\n<td style=\"width:285px;\">1 x 1\/4&#8243; jack unbalanced<\/td>\n<\/tr>\n<tr height=\"17\">\n<td height=\"17\" style=\"height:17px;\"><strong>Output Section<\/strong><\/td>\n<td>\u00a0<\/td>\n<\/tr>\n<tr height=\"17\">\n<td height=\"17\" style=\"height:17px;\">Output\u00a0<\/td>\n<td>Transformer Balanced (fully isolated)<\/td>\n<\/tr>\n<tr height=\"17\">\n<td height=\"17\" style=\"height:17px;\">Insertion Loss<\/td>\n<td>0 dB<\/td>\n<\/tr>\n<tr height=\"17\">\n<td height=\"17\" style=\"height:17px;\">Load Impedance<\/td>\n<td>600 Ohms or greater<\/td>\n<\/tr>\n<tr height=\"17\">\n<td height=\"17\" style=\"height:17px;\">Connector\u00a0<\/td>\n<td>XLR male<\/td>\n<\/tr>\n<tr height=\"17\">\n<td height=\"17\" style=\"height:17px;\"><strong>System Performance\u00a0<\/strong><\/td>\n<td>\u00a0<\/td>\n<\/tr>\n<tr height=\"17\">\n<td height=\"17\" style=\"height:17px;\">Distortion THD 50\u00f720k Hz 0dBu<\/td>\n<td>< 0.005 %<\/td>\n<\/tr>\n<tr height=\"17\">\n<td height=\"17\" style=\"height:17px;\">Noise\u00a0<\/td>\n<td>< -105 dBu unweighted\u00a0<\/td>\n<\/tr>\n<tr height=\"17\">\n<td height=\"17\" style=\"height:17px;\">Frequency Response\u00a0<\/td>\n<td>10 Hz to 40 kHz (-3 dB)\u00a0<\/td>\n<\/tr>\n<tr height=\"17\">\n<td height=\"17\" style=\"height:17px;\"><strong>General\u00a0<\/strong><\/td>\n<td>\u00a0<\/td>\n<\/tr>\n<tr height=\"17\">\n<td height=\"17\" style=\"height:17px;\">Controls<\/td>\n<td>ON\/OFF, PAD -20, GND LIFT<\/td>\n<\/tr>\n<tr height=\"17\">\n<td height=\"17\" style=\"height:17px;\">Indicators<\/td>\n<td>Power ON<\/td>\n<\/tr>\n<tr height=\"17\">\n<td height=\"17\" style=\"height:17px;\">Phantom Power\u00a0<\/td>\n<td>+18 volts DC to +48 volts DC\u00a0<\/td>\n<\/tr>\n<tr height=\"17\">\n<td height=\"17\" style=\"height:17px;\">Battery\u00a0<\/td>\n<td>9 volt PP3 type alkaline<\/td>\n<\/tr>\n<tr height=\"17\">\n<td height=\"17\" style=\"height:17px;\">Dimensions (W x H x D)\u00a0<\/td>\n<td>152 x 50 x 134 mm<\/td>\n<\/tr>\n<tr height=\"17\">\n<td height=\"17\" style=\"height:17px;width:195px;\">Weight (excluding batteries)<\/td>\n<td>0,70 Kg<\/td>\n<\/tr>\n<\/tbody>\n<\/table>\n<\/td>\n<td>\u00a0<\/td>\n<\/tr>\n<\/tbody>\n<\/table>\n<p>\u00a0<\/p>\n","protected":false},"excerpt":{"rendered":"<p>La Serie 100 comprende una gamma di D.I. Boxes ed amplificatori per cuffie progettati come complemento ai sistemi audio in applicazioni live e recording e nelle installazioni fisse. Racchiusi in eleganti e sovrapponibili gusci di alluminio o in resistenti box metallici, i prodotti della Serie 100 offrono qualit\u00e0 audio, versatilit\u00e0 ed affidabilit\u00e0 ad un prezzo molto competitivo.<\/p>\n<ul>\n<li>Direct Injection Box attiva<\/li>\n<li>Trasformatore d&#8217;isolamento di alta qualit\u00e0 per una risposta in frequenza ultra-lineare<\/li>\n<li>Amplificatori operazionali a basso rumore con prestazioni audio eccezionali<\/li>\n<li>Connettori in ingresso XLR-F e \u00bc\u201d JACK + \u00bc\u201d JACK link<\/li>\n<li>Uscita bilanciata XLR-M<\/li>\n<li>Interruttori 20dB PAD e GND lift<\/li>\n<\/ul>\n","protected":false},"featured_media":9092,"template":"","meta":{"_acf_changed":false},"product_brand":[],"product_cat":[244,481,69,70],"product_tag":[27],"class_list":{"0":"post-7437","1":"product","2":"type-product","3":"status-publish","4":"has-post-thumbnail","6":"product_cat-100-series","7":"product_cat-legacy-stage-gear","8":"product_cat-sound-systems","9":"product_cat-stage-gear","10":"product_tag-legacy","12":"first","13":"instock","14":"product-type-simple"},"acf":[],"_links":{"self":[{"href":"https:\/\/soundsystems.proel.com\/it\/wp-json\/wp\/v2\/product\/7437","targetHints":{"allow":["GET"]}}],"collection":[{"href":"https:\/\/soundsystems.proel.com\/it\/wp-json\/wp\/v2\/product"}],"about":[{"href":"https:\/\/soundsystems.proel.com\/it\/wp-json\/wp\/v2\/types\/product"}],"wp:featuredmedia":[{"embeddable":true,"href":"https:\/\/soundsystems.proel.com\/it\/wp-json\/wp\/v2\/media\/9092"}],"wp:attachment":[{"href":"https:\/\/soundsystems.proel.com\/it\/wp-json\/wp\/v2\/media?parent=7437"}],"wp:term":[{"taxonomy":"product_brand","embeddable":true,"href":"https:\/\/soundsystems.proel.com\/it\/wp-json\/wp\/v2\/product_brand?post=7437"},{"taxonomy":"product_cat","embeddable":true,"href":"https:\/\/soundsystems.proel.com\/it\/wp-json\/wp\/v2\/product_cat?post=7437"},{"taxonomy":"product_tag","embeddable":true,"href":"https:\/\/soundsystems.proel.com\/it\/wp-json\/wp\/v2\/product_tag?post=7437"}],"curies":[{"name":"wp","href":"https:\/\/api.w.org\/{rel}","templated":true}]}}