{"id":7471,"date":"2026-05-01T02:01:06","date_gmt":"2026-05-01T00:01:06","guid":{"rendered":"https:\/\/soundsystems.proel.com\/prodotto\/phantom100-alimentatore-phantom\/"},"modified":"2026-05-01T02:01:07","modified_gmt":"2026-05-01T00:01:07","slug":"phantom100-alimentatore-phantom","status":"publish","type":"product","link":"https:\/\/soundsystems.proel.com\/it\/prodotto\/phantom100-alimentatore-phantom\/","title":{"rendered":"Alimentatore Phantom"},"content":{"rendered":"<table border=\"0\" cellpadding=\"0\" cellspacing=\"0\" style=\"width: 300px;\">\n<tbody>\n<tr>\n<td>\n<table border=\"0\" cellpadding=\"0\" cellspacing=\"0\" style=\"width:480px;\" width=\"479\">\n<colgroup>\n<col \/>\n<col \/>\t\t\t\t<\/colgroup>\n<tbody>\n<tr height=\"17\">\n<td height=\"17\" style=\"height:17px;\">Input Connector<\/td>\n<td style=\"width:285px;\">1 x XLR-F<\/td>\n<\/tr>\n<tr height=\"17\">\n<td height=\"17\" style=\"height:17px;\">Ouput Connector\u00a0<\/td>\n<td style=\"width:285px;\">1 x XLR-M<\/td>\n<\/tr>\n<tr height=\"17\">\n<td height=\"17\" style=\"height:17px;\">Output Phantom Power<\/td>\n<td>48V DC +\/-2V<\/td>\n<\/tr>\n<tr height=\"17\">\n<td height=\"17\" style=\"height:17px;\">Frequency Response\u00a0<\/td>\n<td>20 Hz &#8211; 20 KHz (-3 dB)<\/td>\n<\/tr>\n<tr height=\"17\">\n<td height=\"17\" style=\"height:17px;\">Controls<\/td>\n<td>ON\/OFF switch<\/td>\n<\/tr>\n<tr height=\"17\">\n<td height=\"17\" style=\"height:17px;\">Indicators<\/td>\n<td>Power ON<\/td>\n<\/tr>\n<tr height=\"17\">\n<td height=\"17\" style=\"height:17px;\">Power supply<\/td>\n<td>9V DC (adapter included)<\/td>\n<\/tr>\n<tr height=\"17\">\n<td height=\"17\" style=\"height:17px;\">Dimensions (W x H x D)\u00a0<\/td>\n<td>134 x 50 x 72 mm<\/td>\n<\/tr>\n<tr height=\"17\">\n<td height=\"17\" style=\"height:17px;width:195px;\">Weight<\/td>\n<td>0,7 Kg<\/td>\n<\/tr>\n<\/tbody>\n<\/table>\n<\/td>\n<\/tr>\n<\/tbody>\n<\/table>\n","protected":false},"excerpt":{"rendered":"<p>PROEL arricchisce la famiglia Stage Gear con una serie di 8 nuovi interessanti modelli. La Serie 100 comprende una gamma di accessori e utili strumenti che spazia da D.I. Boxes ed amplificatori per cuffie fino a splitters di segnale, pre-amplificatori a valvole ed alimentatori, progettati come complemento ai sistemi audio in applicazioni live e recording e nelle installazioni fisse. Racchiusi in eleganti e sovrapponibili gusci di alluminio o in resistenti box metallici, i prodotti della Serie 100 offrono qualit\u00e0 audio, versatilit\u00e0 ed affidabilit\u00e0 ad un prezzo molto competitivo.<\/p>\n<ul>\n<li>Fornisce a tutti i microfoni a condensatore un&#8217;alimentazione a 48 V pulita ed esente da ronzii<\/li>\n<li>Indispensabile in tutte le applicazioni dove non \u00e8 possibile fornire l&#8217;alimentazione 48 V dal mixer (registrazione diretta su pc, utilizzo di apparecchi non provvisti di alimentazione phantom, installazioni fisse, etc.)<\/li>\n<li>Alimentatore esterno incluso<\/li>\n<\/ul>\n","protected":false},"featured_media":9299,"template":"","meta":{"_acf_changed":false},"product_brand":[],"product_cat":[244,481,69,70],"product_tag":[27],"class_list":{"0":"post-7471","1":"product","2":"type-product","3":"status-publish","4":"has-post-thumbnail","6":"product_cat-100-series","7":"product_cat-legacy-stage-gear","8":"product_cat-sound-systems","9":"product_cat-stage-gear","10":"product_tag-legacy","12":"first","13":"instock","14":"product-type-simple"},"acf":[],"_links":{"self":[{"href":"https:\/\/soundsystems.proel.com\/it\/wp-json\/wp\/v2\/product\/7471","targetHints":{"allow":["GET"]}}],"collection":[{"href":"https:\/\/soundsystems.proel.com\/it\/wp-json\/wp\/v2\/product"}],"about":[{"href":"https:\/\/soundsystems.proel.com\/it\/wp-json\/wp\/v2\/types\/product"}],"wp:featuredmedia":[{"embeddable":true,"href":"https:\/\/soundsystems.proel.com\/it\/wp-json\/wp\/v2\/media\/9299"}],"wp:attachment":[{"href":"https:\/\/soundsystems.proel.com\/it\/wp-json\/wp\/v2\/media?parent=7471"}],"wp:term":[{"taxonomy":"product_brand","embeddable":true,"href":"https:\/\/soundsystems.proel.com\/it\/wp-json\/wp\/v2\/product_brand?post=7471"},{"taxonomy":"product_cat","embeddable":true,"href":"https:\/\/soundsystems.proel.com\/it\/wp-json\/wp\/v2\/product_cat?post=7471"},{"taxonomy":"product_tag","embeddable":true,"href":"https:\/\/soundsystems.proel.com\/it\/wp-json\/wp\/v2\/product_tag?post=7471"}],"curies":[{"name":"wp","href":"https:\/\/api.w.org\/{rel}","templated":true}]}}