{"id":7477,"date":"2026-04-26T02:01:32","date_gmt":"2026-04-26T00:01:32","guid":{"rendered":"https:\/\/soundsystems.proel.com\/prodotto\/sw118hav2-sub-woofer-band-pass-attivo\/"},"modified":"2026-04-26T02:01:33","modified_gmt":"2026-04-26T00:01:33","slug":"sw118hav2-sub-woofer-band-pass-attivo","status":"publish","type":"product","link":"https:\/\/soundsystems.proel.com\/it\/prodotto\/sw118hav2-sub-woofer-band-pass-attivo\/","title":{"rendered":"Sub-woofer band-pass attivo"},"content":{"rendered":"<table border=\"0\" cellpadding=\"0\" cellspacing=\"0\" style=\"width:417px;\" width=\"417\">\n<colgroup>\n<col \/>\n<col \/>\t<\/colgroup>\n<tbody>\n<tr height=\"21\">\n<td height=\"21\" style=\"height:21px;width:203px;\">System type<\/td>\n<td style=\"width:215px;\">Bandpass enclosure subwoofer<\/td>\n<\/tr>\n<tr height=\"21\">\n<td height=\"21\" style=\"height:21px;\">Loudspeaker<\/td>\n<td>18&#8221;\u00a0 woofer with 4&#8243; VC<\/td>\n<\/tr>\n<tr height=\"21\">\n<td height=\"21\" style=\"height:21px;\">Amplifier Continuous Power<\/td>\n<td>1000 W<\/td>\n<\/tr>\n<tr height=\"21\">\n<td height=\"21\" style=\"height:21px;\">Frequency Response<\/td>\n<td>34 Hz &#8211; 140 Hz<\/td>\n<\/tr>\n<tr height=\"21\">\n<td height=\"21\" style=\"height:21px;\">Max SPL<\/td>\n<td>131 dB<\/td>\n<\/tr>\n<tr height=\"63\">\n<td height=\"63\" style=\"height:63px;\">Connectors<\/td>\n<td style=\"width:215px;\">IN: 2 x NEUTRIK COMBO<br \/>\t\t\tOUT: 2 x NEUTRIK XLR-M<br \/>\t\t\tLINK: 2 x NEUTRIK XLR-M<\/td>\n<\/tr>\n<tr height=\"42\">\n<td height=\"42\" style=\"height:42px;\">Controls<\/td>\n<td style=\"width:215px;\">Volume, GND lift<br \/>\t\t\tX-over Frequency, Phase<\/td>\n<\/tr>\n<tr height=\"21\">\n<td height=\"21\" style=\"height:21px;\">Power Supply<\/td>\n<td style=\"width:215px;\">230 VAC or 120 VAC 50\/60 Hz<\/td>\n<\/tr>\n<tr height=\"21\">\n<td height=\"21\" style=\"height:21px;\">Weight<\/td>\n<td>51 kg (70.6 lb)<\/td>\n<\/tr>\n<tr height=\"126\">\n<td height=\"126\" style=\"height:126px;\">Cabinet<\/td>\n<td style=\"width:215px;\">15\/18 mm plywood<br \/>\t\t\tBlack anti-scratch paint<br \/>\t\t\t1.5 mm metal grille<br \/>\t\t\t3 x steel handles<br \/>\t\t\t1 x pole holder<br \/>\t\t\t4 x 75 mm wheels<\/td>\n<\/tr>\n<tr height=\"21\">\n<td height=\"21\" style=\"height:21px;\">Dimensions (W x H x D)<\/td>\n<td>595 x 700 x 700 mm<\/td>\n<\/tr>\n<\/tbody>\n<\/table>\n","protected":false},"excerpt":{"rendered":"<p>La serie SW \u00e8 una linea di sub-woofer progettata come complemento per i diffusori full-range PROEL attivi e passivi. La variet\u00e0 di dimensioni, potenze e SPL offerte dai cinque modelli della serie \u00e8 in grado di fornire la perfetta estensione in bassa frequenza per qualunque modello di diffusore presente nel catalogo PROEL. Tutti i modelli SW utilizzano woofer con bobine mobili di grandi dimensioni in configurazione bandpass o vented e sono in grado di fornire un elevato livello di uscita ed una risposta alle basse frequenze veloce e dinamica. I moduli di amplificazione in CLASSE H o CLASSE D compatti e affidabili sono in grado di generare elevati livelli di potenza continua. Tutti gli amplificatori includono una sezione di ingresso STEREO, filtri di crossover a 24dB\/ott. e selettore di FASE. I cabinets sono costruiti in legno multistrato da 15\/18mm e includono due o tre maniglie e ruote da 75mm per il trasporto (escluso SW110).<\/p>\n<ul>\n<li>Active band-pass sub-woofer<\/li>\n<li>18\u201d die-cast CELESTION woofer with 4\u201d VC for an extended response and very deep bass<\/li>\n<li>2000 W peak power<\/li>\n<li>Light-weight 1000 W continuous Class D amplifier with SMPS<\/li>\n<li>STEREO input, link and output<\/li>\n<li>24 dB\/oct. STEREO crossover filter with selectable frequency<\/li>\n<li>PHASE REVERSE switch<\/li>\n<li>SPL MAX 131 dB<\/li>\n<li>Frequency response 34 Hz &#8211; 140 Hz<\/li>\n<li>Plywood cabinet with three metal handles and four 75mm wheels<\/li>\n<\/ul>\n","protected":false},"featured_media":9351,"template":"","meta":{"_acf_changed":false},"product_brand":[],"product_cat":[74,480,69,250],"product_tag":[27],"class_list":{"0":"post-7477","1":"product","2":"type-product","3":"status-publish","4":"has-post-thumbnail","6":"product_cat-loudspeakers","7":"product_cat-legacy-loudspeakers","8":"product_cat-sound-systems","9":"product_cat-sw-series","10":"product_tag-legacy","12":"first","13":"instock","14":"product-type-simple"},"acf":[],"_links":{"self":[{"href":"https:\/\/soundsystems.proel.com\/it\/wp-json\/wp\/v2\/product\/7477","targetHints":{"allow":["GET"]}}],"collection":[{"href":"https:\/\/soundsystems.proel.com\/it\/wp-json\/wp\/v2\/product"}],"about":[{"href":"https:\/\/soundsystems.proel.com\/it\/wp-json\/wp\/v2\/types\/product"}],"wp:featuredmedia":[{"embeddable":true,"href":"https:\/\/soundsystems.proel.com\/it\/wp-json\/wp\/v2\/media\/9351"}],"wp:attachment":[{"href":"https:\/\/soundsystems.proel.com\/it\/wp-json\/wp\/v2\/media?parent=7477"}],"wp:term":[{"taxonomy":"product_brand","embeddable":true,"href":"https:\/\/soundsystems.proel.com\/it\/wp-json\/wp\/v2\/product_brand?post=7477"},{"taxonomy":"product_cat","embeddable":true,"href":"https:\/\/soundsystems.proel.com\/it\/wp-json\/wp\/v2\/product_cat?post=7477"},{"taxonomy":"product_tag","embeddable":true,"href":"https:\/\/soundsystems.proel.com\/it\/wp-json\/wp\/v2\/product_tag?post=7477"}],"curies":[{"name":"wp","href":"https:\/\/api.w.org\/{rel}","templated":true}]}}