{"id":7552,"date":"2026-04-26T02:03:45","date_gmt":"2026-04-26T00:03:45","guid":{"rendered":"https:\/\/soundsystems.proel.com\/prodotto\/session4-compact-portable-array-system\/"},"modified":"2026-04-26T02:03:48","modified_gmt":"2026-04-26T00:03:48","slug":"session4-compact-portable-array-system","status":"publish","type":"product","link":"https:\/\/soundsystems.proel.com\/it\/prodotto\/session4-compact-portable-array-system\/","title":{"rendered":"Compact Portable Array System"},"content":{"rendered":"<table style=\"border-collapse: collapse; width: 566pt;\" width=\"754\">\n<colgroup>\n<col style=\"width: 149pt;\" width=\"199\" \/>\n<col style=\"width: 416pt;\" width=\"555\" \/>\t<\/colgroup>\n<tbody>\n<tr height=\"21\" style=\"height: 15.75pt;\">\n<td class=\"xl18\" height=\"21\" style=\"width: 149pt; height: 15.75pt;\" width=\"199\"><strong>System<\/strong><\/td>\n<td class=\"xl16\" style=\"width: 416pt;\" width=\"555\">\u00a0<\/td>\n<\/tr>\n<tr height=\"21\" style=\"height: 15.75pt;\">\n<td class=\"xl17\" height=\"21\" style=\"height: 15.75pt;\">System Type<\/td>\n<td class=\"xl16\">Portable Powered 2.1 System with Two Line Array Tops and One Subwoofer<\/td>\n<\/tr>\n<tr height=\"21\" style=\"height: 15.75pt;\">\n<td class=\"xl17\" height=\"21\" style=\"height: 15.75pt;\">Maximum SPL Output<\/td>\n<td class=\"xl16\">122 dB peak system output (pink noise)<\/td>\n<\/tr>\n<tr height=\"21\" style=\"height: 15.75pt;\">\n<td class=\"xl17\" height=\"21\" style=\"height: 15.75pt;\">Frequency Response (-10dB)<\/td>\n<td class=\"xl16\">45Hz \u2013 18kHz<\/td>\n<\/tr>\n<tr height=\"21\" style=\"height: 15.75pt;\">\n<td class=\"xl18\" height=\"21\" style=\"height: 15.75pt;\"><strong>Speakers<\/strong><\/td>\n<td class=\"xl16\">\u00a0<\/td>\n<\/tr>\n<tr height=\"21\" style=\"height: 15.75pt;\">\n<td class=\"xl17\" height=\"21\" style=\"height: 15.75pt;\">LF Driver<\/td>\n<td class=\"xl16\">2 x 6.5&#8243; (165mm) woofer in BANDPASS configuration<\/td>\n<\/tr>\n<tr height=\"21\" style=\"height: 15.75pt;\">\n<td class=\"xl17\" height=\"21\" style=\"height: 15.75pt;\">HF Driver<\/td>\n<td class=\"xl16\">8 x 2.75&#8243; (70mm) neodymium drivers (4 for each TOP)<\/td>\n<\/tr>\n<tr height=\"21\" style=\"height: 15.75pt;\">\n<td class=\"xl17\" height=\"21\" style=\"height: 15.75pt;\">Coverage Pattern<\/td>\n<td class=\"xl16\">100\u00b0 x 50\u00b0<\/td>\n<\/tr>\n<tr height=\"21\" style=\"height: 15.75pt;\">\n<td class=\"xl18\" height=\"21\" style=\"height: 15.75pt;\"><strong>Amplifier<\/strong><\/td>\n<td class=\"xl16\">\u00a0<\/td>\n<\/tr>\n<tr height=\"21\" style=\"height: 15.75pt;\">\n<td class=\"xl17\" height=\"21\" style=\"height: 15.75pt;\">Type<\/td>\n<td class=\"xl16\">Class D with SMPS<\/td>\n<\/tr>\n<tr height=\"21\" style=\"height: 15.75pt;\">\n<td class=\"xl17\" height=\"21\" style=\"height: 15.75pt;\">System Power Rating<\/td>\n<td class=\"xl16\">300 Watts LF, 2&#215;150 Watts HF Continuous, 1200W Peak<\/td>\n<\/tr>\n<tr height=\"21\" style=\"height: 15.75pt;\">\n<td class=\"xl17\" height=\"21\" style=\"height: 15.75pt;\">Channels<\/td>\n<td class=\"xl16\">2 MIC\/LINE selectable inputs<\/td>\n<\/tr>\n<tr height=\"21\" style=\"height: 15.75pt;\">\n<td class=\"xl17\" height=\"21\" style=\"height: 15.75pt;\">Connectors<\/td>\n<td class=\"xl16\">2 x COMBO (INPUTS), 2 x XLR-M (LINK), 2 x SPEAKON (POWER OUTPUTS)<\/td>\n<\/tr>\n<tr height=\"21\" style=\"height: 15.75pt;\">\n<td class=\"xl17\" height=\"21\" style=\"height: 15.75pt;\">Controls<\/td>\n<td class=\"xl16\">1 x LCD with Data Encoder<\/td>\n<\/tr>\n<tr height=\"42\" style=\"height: 31.5pt;\">\n<td class=\"xl17\" height=\"42\" style=\"height: 31.5pt;\">Processing<\/td>\n<td class=\"xl19\" style=\"width: 416pt;\" width=\"555\">24bit \/ 48KHz CORE DSP, 2-band EQ Selectable CONFIGURATION and EQ PRESETS, Digital Limiting<\/td>\n<\/tr>\n<tr height=\"21\" style=\"height: 15.75pt;\">\n<td class=\"xl17\" height=\"21\" style=\"height: 15.75pt;\">Wireless Audio<\/td>\n<td class=\"xl19\" style=\"width: 416pt;\" width=\"555\">Bluetooth built-in receiver<\/td>\n<\/tr>\n<tr height=\"21\" style=\"height: 15.75pt;\">\n<td class=\"xl18\" height=\"21\" style=\"height: 15.75pt;\"><strong>General Specifications<\/strong><\/td>\n<td class=\"xl16\">\u00a0<\/td>\n<\/tr>\n<tr height=\"21\" style=\"height: 15.75pt;\">\n<td class=\"xl17\" height=\"21\" style=\"height: 15.75pt;\">Cabinet Material<\/td>\n<td class=\"xl16\">Plywood<\/td>\n<\/tr>\n<tr height=\"21\" style=\"height: 15.75pt;\">\n<td class=\"xl17\" height=\"21\" style=\"height: 15.75pt;\">Finishing<\/td>\n<td class=\"xl16\">High-strenght polyurethane black paint<\/td>\n<\/tr>\n<tr height=\"21\" style=\"height: 15.75pt;\">\n<td class=\"xl17\" height=\"21\" style=\"height: 15.75pt;\">Grille<\/td>\n<td class=\"xl16\">Powder coated perforated steel<\/td>\n<\/tr>\n<tr height=\"21\" style=\"height: 15.75pt;\">\n<td class=\"xl17\" height=\"21\" style=\"height: 15.75pt;\">Handles<\/td>\n<td class=\"xl16\">2 x sides (SUB)<\/td>\n<\/tr>\n<tr height=\"21\" style=\"height: 15.75pt;\">\n<td class=\"xl17\" height=\"21\" style=\"height: 15.75pt;\">Pole Socket<\/td>\n<td class=\"xl16\">1 x top M20 (SUB), 1 x bottom 35mm (TOP)<\/td>\n<\/tr>\n<tr height=\"21\" style=\"height: 15.75pt;\">\n<td class=\"xl17\" height=\"21\" style=\"height: 15.75pt;\">Included Accessories<\/td>\n<td class=\"xl16\">M20 \/ 35mm telescopic pole, 4-wire SPEAKON\/SPEAKON cable, 2 x SAT cover<\/td>\n<\/tr>\n<tr height=\"21\" style=\"height: 15.75pt;\">\n<td class=\"xl17\" height=\"21\" style=\"height: 15.75pt;\">AC input<\/td>\n<td class=\"xl16\">230 VAC or 120 VAC 50\/60 Hz with LINE VOLTAGE selector<\/td>\n<\/tr>\n<tr height=\"21\" style=\"height: 15.75pt;\">\n<td class=\"xl17\" height=\"21\" style=\"height: 15.75pt;\">Dimensions (W x H x D)<\/td>\n<td class=\"xl19\" style=\"width: 416pt;\" width=\"555\">TOP: 100x358x100 mm, SUB: 420x480x460 mm<\/td>\n<\/tr>\n<tr height=\"21\" style=\"height: 15.75pt;\">\n<td class=\"xl17\" height=\"21\" style=\"height: 15.75pt;\">Weight<\/td>\n<td class=\"xl19\" style=\"width: 416pt;\" width=\"555\">TOP: 1.5 kg (3.3 lbs), SUB: 22 kg (48.5 lbs), SYSTEM: 25 kg (55.1 lbs)<\/td>\n<\/tr>\n<\/tbody>\n<\/table>\n","protected":false},"excerpt":{"rendered":"<p><b>SESSION4 <\/b>\u00e8 un sistema portatile compatto in una configurazione attiva 2.1, che comprende due tops e un subwoofer. Progettato per musicisti solisti, piccoli gruppi live, sistemi mobili per DJ o per la riproduzione di musica e voce in applicazioni corporate ed anche domestiche, SESSION4 combina flessibilit\u00e0, portabilit\u00e0 e prestazioni con un design professionale e una robusta struttura in legno multistrato.<\/p>\n<p>Ogni top comprende quattro altoparlanti al neodimio da 2.75&#8243; in configurazione ad array verticale, caratterizzati da una disposizione logaritmica e da una progressiva inclinazione verso il basso per una migliore copertura verticale e per fornire un suono accurato in qualsiasi parte dell&#8217;area di ascolto. Il sub \u00e8 dotato di due woofer da 6.5 &#8220;in configurazione band-pass, in grado di fornire bassi molto veloci e dinamici, insieme ad una risposta estesa alle basse frequenze.<\/p>\n<p>Il sistema \u00e8 alimentato da un amplificatore a 3 canali da 1200W in classe D ed \u00e8 controllato dal potente PROEL CORE LT DSP, in grado di fornire una straordinaria definizione audio. L&#8217;elaborazione del segnale comprende un sofisticato EQ dinamico e 4 EQ PRESETS (MUSIC, LIVE, DJ, SPEECH) per adattare gli altoparlanti a qualsiasi tipo di applicazione. L&#8217;interfaccia di controllo intuitiva dispone di una singola manopola e di un ampio display LCD per controllare non solo i parametri DSP, ma anche i due ingressi selezionabili MIC \/ LINE, la configurazione del sistema e l&#8217;interfaccia audio BLUETOOTH incorporata.<\/p>\n<p>Le funzioni chiave di SESSION4 sono estrema flessibilit\u00e0 e portabilit\u00e0, che lo rendono uno dei sistemi a colonna portatili pi\u00f9 avanzati. Grazie ad un sistema di collegamento veloce con connessioni integrate, i due tops possono essere combinati insieme, formando un&#8217;unica colonna da 8 altoparlanti, consentendo cos\u00ec di utilizzare il sistema non solo in modalit\u00e0 STEREO, ma anche in modalit\u00e0 DUAL, MONO o DOUBLE. Due scomparti dedicati nel cabinet del sub-woofer permettono di riporre e trasportare i due tops, riducendo cos\u00ec lo spazio necessario per una migliore mobilit\u00e0 in linea con le esigenze dei musicisti di oggi.<\/p>\n<p><b><\/b><\/p>\n<p><b>Sistema di diffusione 2.1 portatile attivo con due TOP and un SUBWOOFER<\/b><\/p>\n<p><b>TOP<\/b><\/p>\n<ul>\n<li>4 altoparlanti full-range al neodimio da 2.75\u201d in configurazione Vertical Array<\/li>\n<li>Disposizione logaritmica degli altoparlanti con inclinazione progressiva per una copertura verticale ottimale<\/li>\n<li>Sistema di accoppiamento rapido dei due top con connessioni integrate<\/li>\n<li>Connettore SPEAKON<\/li>\n<li>Adattatore per supporto standard da 35mm<\/li>\n<li>Cabinet in legno multistrato con finitura poliuretanica ultra-resistente<\/li>\n<li>Griglia metallica rinforzata con protezione anti-polvere<\/li>\n<\/ul>\n<p><b>SUB<\/b><\/p>\n<ul>\n<li>Due altoparlanti da 6.5\u201d ad elevata escursione in configurazione BAND PASS<\/li>\n<li>Cabinet in legno multistrato con finitura poliuretanica ultra-resistente<\/li>\n<li>Alloggiamenti per i due TOPS all\u2019interno del cabinet per una facile trasporto<\/li>\n<li>Due maniglie ergonomiche<\/li>\n<li>Adattatore per supporto diffusore con inserto M20<\/li>\n<\/ul>\n<p><b>SISTEMA<\/b><\/p>\n<ul>\n<li>Amplificatore a 3 canali in Classe D con SMPS<\/li>\n<li>Potenza totale di picco 1200W<\/li>\n<li>Due ingressi MIC\/LINE (XLR-F) + due LINK (XLR-M)<\/li>\n<li>Due connettori di uscita SPEAKON per i TOP<\/li>\n<li>Pannello di controllo e connessioni sul lato superiore per un facile accesso<\/li>\n<li>DSP CORE LT ad alta definizione con convertitori A\/D e D\/A a 24 bit e Dynamic EQ<\/li>\n<li>Interfaccia di controllo user-friendly con selettore singolo e display LCD<\/li>\n<li>4 preset DSP (MUSIC, LIVE, DJ, SPEECH)<\/li>\n<li>Interfaccia Bluetooth stereo<\/li>\n<li>SPL MAX (sistema): 122 dB peak<\/li>\n<li>Risposta in frequenza: 45 Hz &#8211; 18 kHz<\/li>\n<li>Accessori inclusi: palo per top smontabile con attacco M20, cavo di potenza SPEAKON a 4 fili (2mt.), borse per il trasporto dei tops<\/li>\n<\/ul>\n","protected":false},"featured_media":9930,"template":"","meta":{"_acf_changed":false},"product_brand":[],"product_cat":[261,82,69],"product_tag":[52,33,102],"class_list":{"0":"post-7552","1":"product","2":"type-product","3":"status-publish","4":"has-post-thumbnail","6":"product_cat-session-series","7":"product_cat-portable-systems","8":"product_cat-sound-systems","9":"product_tag-bar-restaurant","10":"product_tag-live-performance","11":"product_tag-sport-fitness","13":"first","14":"instock","15":"product-type-simple"},"acf":[],"_links":{"self":[{"href":"https:\/\/soundsystems.proel.com\/it\/wp-json\/wp\/v2\/product\/7552","targetHints":{"allow":["GET"]}}],"collection":[{"href":"https:\/\/soundsystems.proel.com\/it\/wp-json\/wp\/v2\/product"}],"about":[{"href":"https:\/\/soundsystems.proel.com\/it\/wp-json\/wp\/v2\/types\/product"}],"wp:featuredmedia":[{"embeddable":true,"href":"https:\/\/soundsystems.proel.com\/it\/wp-json\/wp\/v2\/media\/9930"}],"wp:attachment":[{"href":"https:\/\/soundsystems.proel.com\/it\/wp-json\/wp\/v2\/media?parent=7552"}],"wp:term":[{"taxonomy":"product_brand","embeddable":true,"href":"https:\/\/soundsystems.proel.com\/it\/wp-json\/wp\/v2\/product_brand?post=7552"},{"taxonomy":"product_cat","embeddable":true,"href":"https:\/\/soundsystems.proel.com\/it\/wp-json\/wp\/v2\/product_cat?post=7552"},{"taxonomy":"product_tag","embeddable":true,"href":"https:\/\/soundsystems.proel.com\/it\/wp-json\/wp\/v2\/product_tag?post=7552"}],"curies":[{"name":"wp","href":"https:\/\/api.w.org\/{rel}","templated":true}]}}