{"id":7585,"date":"2026-04-26T02:05:00","date_gmt":"2026-04-26T00:05:00","guid":{"rendered":"https:\/\/soundsystems.proel.com\/prodotto\/dpx1700pfc-class-d-power-amplifier-with-smps-and-pfc\/"},"modified":"2026-04-26T02:05:02","modified_gmt":"2026-04-26T00:05:02","slug":"dpx1700pfc-class-d-power-amplifier-with-smps-and-pfc","status":"publish","type":"product","link":"https:\/\/soundsystems.proel.com\/it\/prodotto\/dpx1700pfc-class-d-power-amplifier-with-smps-and-pfc\/","title":{"rendered":"CLASS D POWER AMPLIFIER WITH SMPS AND PFC"},"content":{"rendered":"<table border=\"0\" cellpadding=\"0\" cellspacing=\"0\" style=\"width:744px;\" width=\"744\">\n<colgroup>\n<col \/>\n<col \/>\t<\/colgroup>\n<tbody>\n<tr height=\"21\">\n<td height=\"21\" style=\"height:21px;width:235px;\">Power 8 ohm *<\/td>\n<td style=\"width:509px;\">500 W<\/td>\n<\/tr>\n<tr height=\"21\">\n<td height=\"21\" style=\"height:21px;width:235px;\">Power 4 ohm *<\/td>\n<td style=\"width:509px;\">850 W<\/td>\n<\/tr>\n<tr height=\"21\">\n<td height=\"21\" style=\"height:21px;width:235px;\">Power BRIDGE 8 ohm **<\/td>\n<td style=\"width:509px;\">1700 W<\/td>\n<\/tr>\n<tr height=\"21\">\n<td height=\"21\" style=\"height:21px;width:235px;\">Output Stage<\/td>\n<td style=\"width:509px;\">Class D<\/td>\n<\/tr>\n<tr height=\"21\">\n<td height=\"21\" style=\"height:21px;width:235px;\">Frequency response (+0.5\/-0.5 dB)<\/td>\n<td style=\"width:509px;\">20 Hz &#8211; 20 KHz<\/td>\n<\/tr>\n<tr height=\"21\">\n<td height=\"21\" style=\"height:21px;width:235px;\">Input Sensitivity<\/td>\n<td style=\"width:509px;\">+2.3 dBu \/ 1.0 Vrms<\/td>\n<\/tr>\n<tr height=\"21\">\n<td height=\"21\" style=\"height:21px;width:235px;\">GAIN (nominal\/fixed)<\/td>\n<td style=\"width:509px;\">38.2 dB<\/td>\n<\/tr>\n<tr height=\"21\">\n<td height=\"21\" style=\"height:21px;width:235px;\">Input Connectors \/ Impedance<\/td>\n<td style=\"width:509px;\">XLR-F (INPUT), XLR-M (LINK) \/ 20 Kohm (balanced), 10 Kohm (unbalanced)<\/td>\n<\/tr>\n<tr height=\"21\">\n<td height=\"21\" style=\"height:21px;width:235px;\">Output Connectors<\/td>\n<td style=\"width:509px;\">SPEAKON and Binding Post<\/td>\n<\/tr>\n<tr height=\"21\">\n<td height=\"21\" style=\"height:21px;width:235px;\">Damping Factor<\/td>\n<td style=\"width:509px;\">> 500<\/td>\n<\/tr>\n<tr height=\"21\">\n<td height=\"21\" style=\"height:21px;width:235px;\">S\/N Ratio (unweighted)<\/td>\n<td style=\"width:509px;\">> 100 dB<\/td>\n<\/tr>\n<tr height=\"21\">\n<td height=\"21\" style=\"height:21px;width:235px;\">THD+N<\/td>\n<td style=\"width:509px;\">< 0.15%<\/td>\n<\/tr>\n<tr height=\"21\">\n<td height=\"21\" style=\"height:21px;width:235px;\">Controls<\/td>\n<td style=\"width:509px;\">INPUT LEVEL, STEREO\/BRIDGE-PARALLEL, FLAT\/BI-AMP\/HPF<\/td>\n<\/tr>\n<tr height=\"21\">\n<td height=\"21\" style=\"height:21px;width:235px;\">LED Indicators<\/td>\n<td style=\"width:509px;\">7-LED BAR (ON, LIMIT, PROTECTION, -5dB \/ -10dB \/ -20dB \/ -40dB SIGNAL)<\/td>\n<\/tr>\n<tr height=\"21\">\n<td height=\"21\" style=\"height:21px;width:235px;\">Cooling<\/td>\n<td style=\"width:509px;\">Variable speed DC fan, air flow from front to rear<\/td>\n<\/tr>\n<tr height=\"21\">\n<td height=\"21\" style=\"height:21px;width:235px;\">Protections<\/td>\n<td style=\"width:509px;\">AC low power, DC, thermal, short circuit, VHF, CLIP limiter<\/td>\n<\/tr>\n<tr height=\"21\">\n<td height=\"21\" style=\"height:21px;width:235px;\">Mains Supply Voltage<\/td>\n<td style=\"width:509px;\">100-240 VAC 50\/60 Hz\u00a0(<span style=\"font-size: 13px;\">\u00b110%)<\/span><\/td>\n<\/tr>\n<tr height=\"21\">\n<td height=\"21\" style=\"height:21px;width:235px;\">Dimensions (W x H x D)<\/td>\n<td style=\"width:509px;\">483 x 89 x 255 mm (19&#8243; x 3.5&#8243; x 10&#8243;)<\/td>\n<\/tr>\n<tr height=\"21\">\n<td height=\"21\" style=\"height:21px;width:235px;\">Weight<\/td>\n<td style=\"width:509px;\">3.8 Kg (8.4 lb)<\/td>\n<\/tr>\n<tr height=\"21\">\n<td colspan=\"2\" height=\"21\" style=\"height:21px;width:744px;\">* Power per channel tested under EIA standard<\/td>\n<\/tr>\n<tr height=\"21\">\n<td colspan=\"2\" height=\"21\" style=\"height:21px;width:744px;\">** Power tested under the condition of 40ms burst, 1KHz sine wave and 1% THD.<\/td>\n<\/tr>\n<\/tbody>\n<\/table>\n","protected":false},"excerpt":{"rendered":"<p>DPX PFC \u00e8 una serie di amplificatori ultra-leggeri in grado di fornire, in impianti portatili e fissi, una notevole quantit\u00e0 di potenza unita a prestazioni eccezionali e massima portabilit\u00e0 in un formato estremamente conveniente.<\/p>\n<p>Grazie all\u2019avanzata tecnologia in Classe D impiegata negli stadi di uscita, siamo stati in grado di sviluppare un amplificatore molto potente in un contenitore compatto e ultra-leggero. Lo stadio di alimentazione switching estremamente efficiente (SMPS) con tecnologia Power Factor Correction (PFC), oltre a ridurre ulteriormente il peso, fornisce un&#8217;alimentazione universale, con il risultato di inviare agli altoparlanti sempre la stessa quantit\u00e0 di energia indipendentemente dalle fluttuazioni della tensione di rete e di eliminare la necessit\u00e0 di alimentazioni differenziate per i diversi mercati, con i relativi problemi di affidabilit\u00e0.<\/p>\n<p>Tutti i modelli dispongono di un crossover stereo integrato a 24 dB\/ottava con le opzioni di BI-AMP e HIGH-PASS, per filtrare facilmente un sistema a 2-vie SUB-SAT senza la necessit\u00e0 di apparecchiature esterne. Precisi limitatori (CLIP LIMITERS) con attacco veloce garantiscono assenza di distorsione alla massima potenza di uscita, mentre un sistema di protezioni completo salvaguarda sia gli altoparlanti che l\u2019amplificatore.<\/p>\n<p>L\u2019elettronica \u00e8 ospitata all\u2019interno di un contenitore in alluminio ultraleggero, in grado di fornire un\u2019efficiente dissipazione termica e, allo stesso tempo, protezione e durata nel tempo.<\/p>\n<p>Gli amplificatori DPX PFC rappresentano un prodotto di valore per performers, DJ e ingegneri del suono in cerca di grande potenza, eccellente qualit\u00e0 e massima portabilit\u00e0.<\/p>\n<ul>\n<li>Stadi di uscita in Classe D ad elevata densit\u00e0<\/li>\n<li>Switch Mode Power Supply (SMPS) con PFC<\/li>\n<li>Crossover stereo integrato a 24dB\/ottava<\/li>\n<li>Sistema completo di protezioni per la massima affidabilit\u00e0<\/li>\n<li>CLIP LIMITERS integrati ad attacco rapido<\/li>\n<li>Modo STEREO \/ BRIDGE \/ PARALLEL <\/li>\n<li>Connettori XLR per input e link<\/li>\n<li>Connettori di uscita SPEAKON<\/li>\n<li>Protezioni AC, DC, termica, corto circuito e VHF<\/li>\n<li>Barre di segnalazione a 8 LED<\/li>\n<li>Sistema di ventilazione FRONTE\/RETRO<\/li>\n<li>Telaio ultra-leggero completamente in alluminio <\/li>\n<li>PESO COMPLESSIVO inferiore a 5kg<\/li>\n<\/ul>\n","protected":false},"featured_media":10198,"template":"","meta":{"_acf_changed":false},"product_brand":[],"product_cat":[72,259,69],"product_tag":[52,33,432],"class_list":{"0":"post-7585","1":"product","2":"type-product","3":"status-publish","4":"has-post-thumbnail","6":"product_cat-amplifiers","7":"product_cat-dpx-series","8":"product_cat-sound-systems","9":"product_tag-bar-restaurant","10":"product_tag-live-performance","11":"product_tag-proelca","13":"first","14":"instock","15":"product-type-simple"},"acf":[],"_links":{"self":[{"href":"https:\/\/soundsystems.proel.com\/it\/wp-json\/wp\/v2\/product\/7585","targetHints":{"allow":["GET"]}}],"collection":[{"href":"https:\/\/soundsystems.proel.com\/it\/wp-json\/wp\/v2\/product"}],"about":[{"href":"https:\/\/soundsystems.proel.com\/it\/wp-json\/wp\/v2\/types\/product"}],"wp:featuredmedia":[{"embeddable":true,"href":"https:\/\/soundsystems.proel.com\/it\/wp-json\/wp\/v2\/media\/10198"}],"wp:attachment":[{"href":"https:\/\/soundsystems.proel.com\/it\/wp-json\/wp\/v2\/media?parent=7585"}],"wp:term":[{"taxonomy":"product_brand","embeddable":true,"href":"https:\/\/soundsystems.proel.com\/it\/wp-json\/wp\/v2\/product_brand?post=7585"},{"taxonomy":"product_cat","embeddable":true,"href":"https:\/\/soundsystems.proel.com\/it\/wp-json\/wp\/v2\/product_cat?post=7585"},{"taxonomy":"product_tag","embeddable":true,"href":"https:\/\/soundsystems.proel.com\/it\/wp-json\/wp\/v2\/product_tag?post=7585"}],"curies":[{"name":"wp","href":"https:\/\/api.w.org\/{rel}","templated":true}]}}