{"id":7940,"date":"2026-04-19T02:01:25","date_gmt":"2026-04-19T00:01:25","guid":{"rendered":"https:\/\/soundsystems.proel.com\/prodotto\/smtv12mp-monitor-2-vie-bass-reflex\/"},"modified":"2026-04-19T02:01:25","modified_gmt":"2026-04-19T00:01:25","slug":"smtv12mp-monitor-2-vie-bass-reflex","status":"publish","type":"product","link":"https:\/\/soundsystems.proel.com\/it\/prodotto\/smtv12mp-monitor-2-vie-bass-reflex\/","title":{"rendered":"Monitor 2-vie bass-reflex"},"content":{"rendered":"<ul>\n<li>Tipo sistema: monitor 2-vie bass reflex<\/li>\n<li>Impedenza nominale: 8 ohm<\/li>\n<li>Tenuta in potenza (continuo):170 W\u00a0<\/li>\n<li>Tenuta in potenza (picco):340 W\u00a0<\/li>\n<li>Risposta in frequenza: 65 Hz &#8211; 20 kHz<\/li>\n<li>Sensibilit\u00e0: 97 dB 1 W\/1 m<\/li>\n<li>Massimo valore di uscita (picco):122 dB @ 1m\u00a0<\/li>\n<li>Componente Bassa Frequenza: 12&#8221; woofer<\/li>\n<li>Componente Alta Frequenza: 1&#8221; compression driver<\/li>\n<li>Dispersione angolare: 90\u00b0 H x 60\u00b0 V<\/li>\n<li>Angolo trapezoidale: 10\u00b0<\/li>\n<li>Frequenza di crossover: 3500 Hz<\/li>\n<li>Connettori: 2 x SPEAKON linked<\/li>\n<li>Costruzione: multistrato di faggio da 15 mm<\/li>\n<li>Finitura: verniciatura anti-graffio<\/li>\n<li>Colore del mobile: nero<\/li>\n<li>Peso:13 kg\u00a0<\/li>\n<li>Dimensioni (L x A x P): 39 x 46 x 32.5 cm<\/li>\n<\/ul>\n","protected":false},"excerpt":{"rendered":"<p>Proel ha sviluppato la serie SMART V-PLUS come risposta per gli utilizzatori che chiedono un prodotto di alta affidabilit\u00e0 e di pregevole qualit\u00e0 sonora, a un prezzo conveniente. La cassa trapezoidale \u00e8 realizzata con legno multistrato di faggio 15 mm rinforzato internamente, finitura in vernice robusta e antigraffio, con punti di sospensione M10 nella versione SMART V-PLUS. Invece la cassa SMARTPLUS \u00e8 realizzata in legno composito a bassa risonanza rinforzato internamente, ricoperta con una moquette antracite ignifuga classe 1, molto resistente. \u00c8 dotata di una robusta rete metallica che protegge i componenti acustici, di comode maniglie ergonomiche in metallo per un trasporto facile, di resistenti piedini in gomma e di una fl angia in alluminio pressofuso per la sistemazione su supporto. I subwoofer passivi della serie SMART V-PLUS hanno la possibilit\u00e0 di collegare un diffusore medio-alto (satellite) su un&#8217;uscita passa alto a 160Hz, per formare sistemi a 3 vie. I subwoofer attivi della serie dispongono di un crossover elettronico stereo per realizzare ogni combinazione sub satelliti. La serie SMART V-PLUS offre un&#8217;ampia scelta di sistemi adatti per ogni esigenza musicale e per tutti i tipi di installazione. Le versioni amplificate della serie SMART V-PLUS incorporano amplifi catori dinamici in classe H, che assicurano grande affidabilit\u00e0 e alta potenza d&#8217;uscita in dimensioni e peso ridotti.<\/p>\n","protected":false},"featured_media":9321,"template":"","meta":{"_acf_changed":false},"product_brand":[],"product_cat":[479,69],"product_tag":[27],"class_list":{"0":"post-7940","1":"product","2":"type-product","3":"status-publish","4":"has-post-thumbnail","6":"product_cat-legacy","7":"product_cat-sound-systems","8":"product_tag-legacy","10":"first","11":"instock","12":"product-type-simple"},"acf":[],"_links":{"self":[{"href":"https:\/\/soundsystems.proel.com\/it\/wp-json\/wp\/v2\/product\/7940","targetHints":{"allow":["GET"]}}],"collection":[{"href":"https:\/\/soundsystems.proel.com\/it\/wp-json\/wp\/v2\/product"}],"about":[{"href":"https:\/\/soundsystems.proel.com\/it\/wp-json\/wp\/v2\/types\/product"}],"wp:featuredmedia":[{"embeddable":true,"href":"https:\/\/soundsystems.proel.com\/it\/wp-json\/wp\/v2\/media\/9321"}],"wp:attachment":[{"href":"https:\/\/soundsystems.proel.com\/it\/wp-json\/wp\/v2\/media?parent=7940"}],"wp:term":[{"taxonomy":"product_brand","embeddable":true,"href":"https:\/\/soundsystems.proel.com\/it\/wp-json\/wp\/v2\/product_brand?post=7940"},{"taxonomy":"product_cat","embeddable":true,"href":"https:\/\/soundsystems.proel.com\/it\/wp-json\/wp\/v2\/product_cat?post=7940"},{"taxonomy":"product_tag","embeddable":true,"href":"https:\/\/soundsystems.proel.com\/it\/wp-json\/wp\/v2\/product_tag?post=7940"}],"curies":[{"name":"wp","href":"https:\/\/api.w.org\/{rel}","templated":true}]}}