{"id":8669,"date":"2026-04-26T02:08:17","date_gmt":"2026-04-26T00:08:17","guid":{"rendered":"https:\/\/soundsystems.proel.com\/prodotto\/mq1642x-mixer-16-in-fx-usb-bt\/"},"modified":"2026-04-26T02:08:23","modified_gmt":"2026-04-26T00:08:23","slug":"mq1642x-mixer-16-in-fx-usb-bt","status":"publish","type":"product","link":"https:\/\/soundsystems.proel.com\/it\/prodotto\/mq1642x-mixer-16-in-fx-usb-bt\/","title":{"rendered":"MIXER.16.IN.FX.USB.BT"},"content":{"rendered":"<table border=\"0\" cellpadding=\"0\" cellspacing=\"0\" width=\"845\" style=\"width: 632pt;\">\n<colgroup>\n<col width=\"177\" style=\"width: 132pt;\">\n<col width=\"119\" style=\"width: 89pt;\">\n<col width=\"363\" style=\"width: 272pt;\">\n<col width=\"186\" style=\"width: 139pt;\"><\/colgroup>\n<tbody>\n<tr height=\"21\" style=\"height: 15.9pt;\">\n<td colspan=\"4\" height=\"21\" class=\"xl78\" width=\"845\" style=\"height: 15.9pt; width: 632pt;\"><b>MONO INPUT CHANNEL<\/b><\/td>\n<\/tr>\n<tr height=\"21\" style=\"height: 15.9pt;\">\n<td height=\"21\" class=\"xl66\" style=\"height: 15.9pt;\">Mic Input<\/td>\n<td class=\"xl67\">sensitivity<\/td>\n<td class=\"xl68\">from -10 to -50 dB<\/td>\n<td class=\"xl69\">Balanced XLR-F<\/td>\n<\/tr>\n<tr height=\"21\" style=\"height: 15.9pt;\">\n<td height=\"21\" class=\"xl66\" style=\"height: 15.9pt;\"><\/td>\n<td class=\"xl67\">impedance<\/td>\n<td class=\"xl68\">3 Kohm<\/td>\n<td class=\"xl69\"><\/td>\n<\/tr>\n<tr height=\"21\" style=\"height: 15.9pt;\">\n<td height=\"21\" class=\"xl66\" style=\"height: 15.9pt;\">Line Input<\/td>\n<td class=\"xl67\">sensitivity<\/td>\n<td class=\"xl68\">from +20 to -20 dB<\/td>\n<td class=\"xl69\">Balanced JACK<\/td>\n<\/tr>\n<tr height=\"21\" style=\"height: 15.9pt;\">\n<td height=\"21\" class=\"xl66\" style=\"height: 15.9pt;\"><\/td>\n<td class=\"xl67\">impedance<\/td>\n<td class=\"xl68\">30 Kohm<\/td>\n<td class=\"xl69\"><\/td>\n<\/tr>\n<tr height=\"21\" style=\"height: 15.9pt;\">\n<td height=\"21\" class=\"xl66\" style=\"height: 15.9pt;\">Lo cut<\/td>\n<td class=\"xl67\"><\/td>\n<td class=\"xl68\">75Hz, 18dB\/oct.<\/td>\n<td class=\"xl69\"><\/td>\n<\/tr>\n<tr height=\"21\" style=\"height: 15.9pt;\">\n<td height=\"21\" class=\"xl66\" style=\"height: 15.9pt;\">EQ<\/td>\n<td class=\"xl67\">HIGH (shelving)<\/td>\n<td class=\"xl68\">\u00b115 dB @ 12 KHz<\/td>\n<td class=\"xl69\"><\/td>\n<\/tr>\n<tr height=\"21\" style=\"height: 15.9pt;\">\n<td height=\"21\" class=\"xl66\" style=\"height: 15.9pt;\"><\/td>\n<td class=\"xl67\">MID (peaking)<\/td>\n<td class=\"xl68\">\u00b115 dB from 100 Hz to 8 kHz<\/td>\n<td class=\"xl69\"><\/td>\n<\/tr>\n<tr height=\"21\" style=\"height: 15.9pt;\">\n<td height=\"21\" class=\"xl66\" style=\"height: 15.9pt;\"><\/td>\n<td class=\"xl67\">LOW (shelving)<\/td>\n<td class=\"xl68\">\u00b115 dB @ 80 Hz<\/td>\n<td class=\"xl69\"><\/td>\n<\/tr>\n<tr height=\"21\" style=\"height: 15.9pt;\">\n<td height=\"21\" class=\"xl66\" style=\"height: 15.9pt;\">Compressor<\/td>\n<td class=\"xl67\">Fet<\/td>\n<td class=\"xl68\">CH 1-8, 1-knob<\/td>\n<td class=\"xl69\"><\/td>\n<\/tr>\n<tr height=\"21\" style=\"height: 15.9pt;\">\n<td colspan=\"4\" height=\"21\" class=\"xl78\" style=\"height: 15.9pt;\"><b>STEREO INPUT CHANNEL<\/b><\/td>\n<\/tr>\n<tr height=\"21\" style=\"height: 15.9pt;\">\n<td height=\"21\" class=\"xl66\" style=\"height: 15.9pt;\">Mic Input<\/td>\n<td class=\"xl67\">sensitivity<\/td>\n<td class=\"xl68\">from -10 to -50 dB<\/td>\n<td class=\"xl69\">Balanced XLR-F<\/td>\n<\/tr>\n<tr height=\"21\" style=\"height: 15.9pt;\">\n<td height=\"21\" class=\"xl66\" style=\"height: 15.9pt;\"><\/td>\n<td class=\"xl67\">impedance<\/td>\n<td class=\"xl68\">3 Kohm<\/td>\n<td class=\"xl69\"><\/td>\n<\/tr>\n<tr height=\"21\" style=\"height: 15.9pt;\">\n<td height=\"21\" class=\"xl66\" style=\"height: 15.9pt;\">Line Input<\/td>\n<td class=\"xl67\">sensitivity<\/td>\n<td class=\"xl68\">from +20 to -20 dB<\/td>\n<td class=\"xl69\">Balanced JACK<\/td>\n<\/tr>\n<tr height=\"21\" style=\"height: 15.9pt;\">\n<td height=\"21\" class=\"xl66\" style=\"height: 15.9pt;\"><\/td>\n<td class=\"xl67\">impedance<\/td>\n<td class=\"xl68\">30 Kohm<\/td>\n<td class=\"xl69\"><\/td>\n<\/tr>\n<tr height=\"21\" style=\"height: 15.9pt;\">\n<td height=\"21\" class=\"xl66\" style=\"height: 15.9pt;\">EQ<\/td>\n<td class=\"xl67\">HIGH (shelving)<\/td>\n<td class=\"xl68\">\u00b115 dB @ 12 KHz<\/td>\n<td class=\"xl69\"><\/td>\n<\/tr>\n<tr height=\"21\" style=\"height: 15.9pt;\">\n<td height=\"21\" class=\"xl66\" style=\"height: 15.9pt;\"><\/td>\n<td class=\"xl67\">MID (peaking)<\/td>\n<td class=\"xl68\">\u00b115 dB @ 2.5 KHz<\/td>\n<td class=\"xl69\"><\/td>\n<\/tr>\n<tr height=\"21\" style=\"height: 15.9pt;\">\n<td height=\"21\" class=\"xl66\" style=\"height: 15.9pt;\"><\/td>\n<td class=\"xl67\">LOW (shelving)<\/td>\n<td class=\"xl68\">\u00b115 dB @ 80 Hz<\/td>\n<td class=\"xl69\"><\/td>\n<\/tr>\n<tr height=\"21\" style=\"height: 15.9pt;\">\n<td colspan=\"4\" height=\"21\" class=\"xl78\" style=\"height: 15.9pt;\"><b>MASTER SECTION<\/b><\/td>\n<\/tr>\n<tr height=\"21\" style=\"height: 15.9pt;\">\n<td height=\"21\" class=\"xl66\" style=\"height: 15.9pt;\">MAIN MIX<\/td>\n<td class=\"xl67\">nom. out level<\/td>\n<td class=\"xl68\">\u00a0+4 dBu\u00a0<\/td>\n<td class=\"xl69\">Balanced JACK and XLR-M<\/td>\n<\/tr>\n<tr height=\"21\" style=\"height: 15.9pt;\">\n<td height=\"21\" class=\"xl66\" style=\"height: 15.9pt;\">C. ROOM output<\/td>\n<td class=\"xl67\">nom. out level<\/td>\n<td class=\"xl68\">0 dBu<\/td>\n<td class=\"xl69\">Unbalanced JACK<\/td>\n<\/tr>\n<tr height=\"21\" style=\"height: 15.9pt;\">\n<td height=\"21\" class=\"xl66\" style=\"height: 15.9pt;\">GROUP output<\/td>\n<td class=\"xl67\">nom. out level<\/td>\n<td class=\"xl68\">+4 dBu<\/td>\n<td class=\"xl70\">Balanced JACK<\/td>\n<\/tr>\n<tr height=\"21\" style=\"height: 15.9pt;\">\n<td height=\"21\" class=\"xl66\" style=\"height: 15.9pt;\">FX\/AUX output<\/td>\n<td class=\"xl67\">nom. out level<\/td>\n<td class=\"xl68\">0 dBu<\/td>\n<td class=\"xl70\">Unbalanced JACK<\/td>\n<\/tr>\n<tr height=\"21\" style=\"height: 15.9pt;\">\n<td height=\"21\" class=\"xl71\" style=\"height: 15.9pt;\">HEADPHONES<\/td>\n<td class=\"xl72\">min. impedance<\/td>\n<td class=\"xl73\">32 ohm<\/td>\n<td class=\"xl74\"><\/td>\n<\/tr>\n<tr height=\"21\" style=\"height: 15.9pt;\">\n<td height=\"21\" class=\"xl66\" style=\"height: 15.9pt;\"><\/td>\n<td class=\"xl67\">max. out level<\/td>\n<td class=\"xl68\">(2x) 193 mW<\/td>\n<td class=\"xl69\">Stereo JACK<\/td>\n<\/tr>\n<tr height=\"21\" style=\"height: 15.9pt;\">\n<td colspan=\"4\" height=\"21\" class=\"xl78\" style=\"height: 15.9pt;\"><b>DIGITAL MULTIEFFECT \/PLAYER<\/b><\/td>\n<\/tr>\n<tr height=\"21\" style=\"height: 15.9pt;\">\n<td height=\"21\" class=\"xl66\" style=\"height: 15.9pt;\">Effects<\/td>\n<td class=\"xl67\"><\/td>\n<td class=\"xl76\" width=\"363\" style=\"width: 272pt;\">99 presets<\/td>\n<td class=\"xl77\"><\/td>\n<\/tr>\n<tr height=\"21\" style=\"height: 15.9pt;\">\n<td height=\"21\" class=\"xl66\" style=\"height: 15.9pt;\">FX DSP resolution<\/td>\n<td class=\"xl67\"><\/td>\n<td class=\"xl76\" width=\"363\" style=\"width: 272pt;\">24 bit<\/td>\n<td class=\"xl69\"><\/td>\n<\/tr>\n<tr height=\"21\" style=\"height: 15.9pt;\">\n<td height=\"21\" class=\"xl66\" style=\"height: 15.9pt;\">Bluetooth<\/td>\n<td class=\"xl67\"><\/td>\n<td class=\"xl76\" width=\"363\" style=\"width: 272pt;\">Version 5.0, Audio Streaming<\/td>\n<td class=\"xl69\"><\/td>\n<\/tr>\n<tr height=\"21\" style=\"height: 15.9pt;\">\n<td height=\"21\" class=\"xl71\" style=\"height: 15.9pt;\">PC USB interface<\/td>\n<td class=\"xl72\"><\/td>\n<td class=\"xl73\">USB 2.0 \/ 3.0<\/td>\n<td class=\"xl70\">Type C<\/td>\n<\/tr>\n<tr height=\"21\" style=\"height: 15.9pt;\">\n<td height=\"21\" class=\"xl71\" style=\"height: 15.9pt;\">USB player<\/td>\n<td class=\"xl72\"><\/td>\n<td class=\"xl73\">USB 2.0 \/ 3.0<\/td>\n<td class=\"xl70\">Type C<\/td>\n<\/tr>\n<tr height=\"21\" style=\"height: 15.9pt;\">\n<td height=\"21\" class=\"xl66\" style=\"height: 15.9pt;\">A\/D and D\/A converters<\/td>\n<td class=\"xl67\"><\/td>\n<td class=\"xl76\" width=\"363\" style=\"width: 272pt;\">24 bit 48KHz<\/td>\n<td class=\"xl69\"><\/td>\n<\/tr>\n<tr height=\"21\" style=\"height: 15.9pt;\">\n<td height=\"21\" class=\"xl66\" style=\"height: 15.9pt;\">Controls<\/td>\n<td class=\"xl67\"><\/td>\n<td class=\"xl76\" width=\"363\" style=\"width: 272pt;\">LCD, DIAL, PEAK LED, MUTE switch, MUTE footswitch<\/td>\n<td class=\"xl69\"><\/td>\n<\/tr>\n<tr height=\"21\" style=\"height: 15.9pt;\">\n<td colspan=\"4\" height=\"21\" class=\"xl78\" style=\"height: 15.9pt;\"><b>GENERAL SPECIFICATIONS<\/b><\/td>\n<\/tr>\n<tr height=\"21\" style=\"height: 15.9pt;\">\n<td height=\"21\" class=\"xl66\" style=\"height: 15.9pt;\">Maximum level<\/td>\n<td class=\"xl67\">all outputs<\/td>\n<td class=\"xl68\">+22 dBu<\/td>\n<td class=\"xl69\"><\/td>\n<\/tr>\n<tr height=\"21\" style=\"height: 15.9pt;\">\n<td height=\"21\" class=\"xl66\" style=\"height: 15.9pt;\">Crosstalk<\/td>\n<td class=\"xl67\">meas. at 1 KHz<\/td>\n<td class=\"xl68\">> 82 dBu<\/td>\n<td class=\"xl69\"><\/td>\n<\/tr>\n<tr height=\"21\" style=\"height: 15.9pt;\">\n<td height=\"21\" class=\"xl66\" style=\"height: 15.9pt;\">HUM &#038; Noise<\/td>\n<td class=\"xl67\">unweighted<\/td>\n<td class=\"xl68\">< -93 dBu<\/td>\n<td class=\"xl69\"><\/td>\n<\/tr>\n<tr height=\"21\" style=\"height: 15.9pt;\">\n<td height=\"21\" class=\"xl66\" style=\"height: 15.9pt;\">THD + Noise<\/td>\n<td class=\"xl67\">at +4dB, 1kHz<\/td>\n<td class=\"xl68\">< 0,008 %<\/td>\n<td class=\"xl69\"><\/td>\n<\/tr>\n<tr height=\"21\" style=\"height: 15.9pt;\">\n<td height=\"21\" class=\"xl66\" style=\"height: 15.9pt;\">Dimensions (WxHxD)<\/td>\n<td class=\"xl67\"><\/td>\n<td class=\"xl68\">481 x 432 x 104 mm<\/td>\n<td class=\"xl69\"><\/td>\n<\/tr>\n<tr height=\"21\" style=\"height: 15.9pt;\">\n<td height=\"21\" class=\"xl66\" style=\"height: 15.9pt;\">Weight<\/td>\n<td class=\"xl67\"><\/td>\n<td class=\"xl68\">6,30 kg<\/td>\n<td class=\"xl69\"><\/td>\n<\/tr>\n<tr height=\"21\" style=\"height: 15.9pt;\">\n<td colspan=\"4\" height=\"21\" class=\"xl78\" style=\"height: 15.9pt;\"><b>POWER REQUIREMENTS<\/b><\/td>\n<\/tr>\n<tr height=\"106\" style=\"height: 79.3pt;\">\n<td height=\"106\" class=\"xl66\" style=\"height: 79.3pt;\">Mains Supply Voltage<\/td>\n<td class=\"xl67\"><\/td>\n<td class=\"xl76\" width=\"363\" style=\"width: 272pt;\">110-240 VAC (\u00b110%) 50 \/ 60 Hz<br \/>available with<br \/>Europe mains cord (Shucko plug),<br \/>US mains cord (NEMA 5-15P plug),<br \/>UK mains cord (BS1363 plug)<\/td>\n<td class=\"xl69\"><\/td>\n<\/tr>\n<tr height=\"21\" style=\"height: 15.9pt;\">\n<td height=\"21\" class=\"xl66\" style=\"height: 15.9pt;\">Consumption<\/td>\n<td class=\"xl67\"><\/td>\n<td class=\"xl68\">50 W<\/td>\n<td class=\"xl69\"><\/td>\n<\/tr>\n<\/tbody>\n<\/table>\n","protected":false},"excerpt":{"rendered":"<p><b>Design compatto. Prestazioni professionali<\/b><\/p>\n<p>La<b> serie MQ <\/b>di <b>PROEL <\/b>\u00e8 stata progettata per offrire un&#8217;elevata densit\u00e0 di ingressi, funzionalit\u00e0 di livello professionale e una qualit\u00e0 audio eccezionale in un formato ultracompatto ed elegante, il tutto a un prezzo estremamente competitivo. Progettati con la precisione italiana dal <b>team di ricerca e sviluppo PROEL<\/b>, i mixer MQ rappresentano la scelta ideale per musicisti, artisti e ingegneri del suono che cercano affidabilit\u00e0, versatilit\u00e0 e prestazioni premium in qualsiasi configurazione di amplificazione audio.<\/p>\n<p><b>La prossima generazione: MQ X<\/b><\/p>\n<p>Portando il concetto MQ a un livello superiore, i nuovi modelli MQ X introducono un&#8217;<b>elaborazione digitale avanzata<\/b> e una <b>connettivit\u00e0 impeccabile<\/b>.<\/p>\n<p>Un <b>DSP ad alta definizione a 24 bit <\/b>offre <b>99 effetti di qualit\u00e0 da studio<\/b> con parametri regolabili, facilmente gestibili tramite un intuitivo display LED.<\/p>\n<p>Il <b>modulo MP3 <\/b>integrato consente la riproduzione flessibile di contenuti multimediali tramite <b>Bluetooth<\/b>, <b>chiavetta USB<\/b> (USB-A) o <b>connessione al PC<\/b> (USB-C), mentre l&#8217;<b>interfaccia audio USB<\/b> consente di registrare il mix direttamente sul computer con facilit\u00e0.<\/p>\n<p><b>MQ1642X <\/b>offre <b>16 ingressi totali<\/b> con <b>12 preamplificatori microfonici<\/b>, offrendo una capacit\u00e0 di ingresso e una chiarezza sonora superiori. I canali mono includono <b>equalizzatori medi parametrici<\/b> e <b>compressori intelligenti a un solo controllo<\/b> per una modellazione timbrica avanzata. Con <b>4 mandate AUX<\/b>, <b>2 bus di gruppo stereo<\/b> e <b>fader professionali da 60 mm<\/b>, MQ1642X offre pieno controllo, versatilit\u00e0 e un&#8217;esperienza di mixaggio raffinata, pensata per performance live complesse.<\/p>\n<p><b>Costruiti per le massime prestazioni<\/b><\/p>\n<p>Racchiusi in <b>cabinet ultra-robusti<\/b>, i mixer MQ X sono progettati per garantire una <b>lunga durata<\/b> e un&#8217;<b>affidabilit\u00e0 impeccabile<\/b> sul palco. Per una maggiore praticit\u00e0, sono disponibili <b>borse imbottite opzionali<\/b> per il trasporto e <b>kit di montaggio su rack da 19&#8243;<\/b>, rendendo la serie MQ un compagno perfetto sia per applicazioni mobili che per installazioni fisse.<\/p>\n","protected":false},"featured_media":10765,"template":"","meta":{"_acf_changed":false},"product_brand":[],"product_cat":[89,263,69],"product_tag":[392,33,390],"class_list":{"0":"post-8669","1":"product","2":"type-product","3":"status-publish","4":"has-post-thumbnail","6":"product_cat-mixers","7":"product_cat-mq-series","8":"product_cat-sound-systems","9":"product_tag-entertainment","10":"product_tag-live-performance","11":"product_tag-voice","13":"first","14":"instock","15":"product-type-simple"},"acf":[],"_links":{"self":[{"href":"https:\/\/soundsystems.proel.com\/it\/wp-json\/wp\/v2\/product\/8669","targetHints":{"allow":["GET"]}}],"collection":[{"href":"https:\/\/soundsystems.proel.com\/it\/wp-json\/wp\/v2\/product"}],"about":[{"href":"https:\/\/soundsystems.proel.com\/it\/wp-json\/wp\/v2\/types\/product"}],"wp:featuredmedia":[{"embeddable":true,"href":"https:\/\/soundsystems.proel.com\/it\/wp-json\/wp\/v2\/media\/10765"}],"wp:attachment":[{"href":"https:\/\/soundsystems.proel.com\/it\/wp-json\/wp\/v2\/media?parent=8669"}],"wp:term":[{"taxonomy":"product_brand","embeddable":true,"href":"https:\/\/soundsystems.proel.com\/it\/wp-json\/wp\/v2\/product_brand?post=8669"},{"taxonomy":"product_cat","embeddable":true,"href":"https:\/\/soundsystems.proel.com\/it\/wp-json\/wp\/v2\/product_cat?post=8669"},{"taxonomy":"product_tag","embeddable":true,"href":"https:\/\/soundsystems.proel.com\/it\/wp-json\/wp\/v2\/product_tag?post=8669"}],"curies":[{"name":"wp","href":"https:\/\/api.w.org\/{rel}","templated":true}]}}